{"id":14366,"date":"2025-05-15T07:09:58","date_gmt":"2025-05-15T05:09:58","guid":{"rendered":"https:\/\/aleaparkdestg.wpenginepowered.com\/career\/"},"modified":"2026-04-22T19:13:20","modified_gmt":"2026-04-22T17:13:20","slug":"career","status":"publish","type":"page","link":"https:\/\/aleapark.de\/en\/career\/","title":{"rendered":"Career"},"content":{"rendered":"\t\t<div data-elementor-type=\"wp-page\" data-elementor-id=\"14366\" class=\"elementor elementor-14366 elementor-11056\" data-elementor-post-type=\"page\">\n\t\t\t\t<div class=\"elementor-element elementor-element-2cb9daf e-flex e-con-boxed e-con e-parent\" data-id=\"2cb9daf\" data-element_type=\"container\" data-e-type=\"container\" data-settings=\"{&quot;background_background&quot;:&quot;classic&quot;}\">\n\t\t\t\t\t<div class=\"e-con-inner\">\n\t\t\t\t<div class=\"elementor-element elementor-element-283f999 elementor-widget elementor-widget-heading\" data-id=\"283f999\" data-element_type=\"widget\" data-e-type=\"widget\" data-widget_type=\"heading.default\">\n\t\t\t\t<div class=\"elementor-widget-container\">\n\t\t\t\t\t<h2 class=\"elementor-heading-title elementor-size-default\">Careers at ALEA<\/h2>\t\t\t\t<\/div>\n\t\t\t\t<\/div>\n\t\t\t\t<div class=\"elementor-element elementor-element-a7fd49e elementor-widget-mobile__width-initial elementor-widget elementor-widget-heading\" data-id=\"a7fd49e\" data-element_type=\"widget\" data-e-type=\"widget\" data-widget_type=\"heading.default\">\n\t\t\t\t<div class=\"elementor-widget-container\">\n\t\t\t\t\t<h2 class=\"elementor-heading-title elementor-size-default\">COME TO<br>BOOMTOWN BAD ORB!<\/h2>\t\t\t\t<\/div>\n\t\t\t\t<\/div>\n\t\t\t\t\t<\/div>\n\t\t\t\t<\/div>\n\t\t<div class=\"elementor-element elementor-element-5c8f348 e-flex e-con-boxed e-con e-parent\" data-id=\"5c8f348\" data-element_type=\"container\" data-e-type=\"container\">\n\t\t\t\t\t<div class=\"e-con-inner\">\n\t\t\t\t<div class=\"elementor-element elementor-element-099c15c elementor-widget elementor-widget-alea-overline\" data-id=\"099c15c\" data-element_type=\"widget\" data-e-type=\"widget\" data-widget_type=\"alea-overline.default\">\n\t\t\t\t<div class=\"elementor-widget-container\">\n\t\t\t\t\t<h1 class=\"overline text-align-content\">Working at Alea<\/h1>\t\t\t\t<\/div>\n\t\t\t\t<\/div>\n\t\t\t\t<div class=\"elementor-element elementor-element-f5263a7 elementor-widget-mobile__width-initial elementor-widget elementor-widget-heading\" data-id=\"f5263a7\" data-element_type=\"widget\" data-e-type=\"widget\" data-widget_type=\"heading.default\">\n\t\t\t\t<div class=\"elementor-widget-container\">\n\t\t\t\t\t<h2 class=\"elementor-heading-title elementor-size-default\">JOIN THE ALEA TEAM<\/h2>\t\t\t\t<\/div>\n\t\t\t\t<\/div>\n\t\t\t\t<div class=\"elementor-element elementor-element-4e7ade7 elementor-widget elementor-widget-text-editor\" data-id=\"4e7ade7\" data-element_type=\"widget\" data-e-type=\"widget\" data-widget_type=\"text-editor.default\">\n\t\t\t\t<div class=\"elementor-widget-container\">\n\t\t\t\t\t\t\t\t\t<p class=\"p1\">Want to live and work in the booming town of Bad Orb? A green oasis, a paradise for athletes and outdoor enthusiasts, and a health hotspot &#8211; the ALEA location initiative is propelling this spa town toward a thriving future. Seize this opportunity and be part of the boom!  <\/p>\t\t\t\t\t\t\t\t<\/div>\n\t\t\t\t<\/div>\n\t\t\t\t\t<\/div>\n\t\t\t\t<\/div>\n\t\t<div class=\"elementor-element elementor-element-bcad6d4 e-flex e-con-boxed e-con e-parent\" data-id=\"bcad6d4\" data-element_type=\"container\" data-e-type=\"container\" data-settings=\"{&quot;background_background&quot;:&quot;classic&quot;}\">\n\t\t\t\t\t<div class=\"e-con-inner\">\n\t\t\t\t<div class=\"elementor-element elementor-element-dc17159 elementor-widget elementor-widget-heading\" data-id=\"dc17159\" data-element_type=\"widget\" data-e-type=\"widget\" data-widget_type=\"heading.default\">\n\t\t\t\t<div class=\"elementor-widget-container\">\n\t\t\t\t\t<h2 class=\"elementor-heading-title elementor-size-default\">Careers at ALEA<\/h2>\t\t\t\t<\/div>\n\t\t\t\t<\/div>\n\t\t\t\t<div class=\"elementor-element elementor-element-ae65e71 elementor-widget elementor-widget-heading\" data-id=\"ae65e71\" data-element_type=\"widget\" data-e-type=\"widget\" data-widget_type=\"heading.default\">\n\t\t\t\t<div class=\"elementor-widget-container\">\n\t\t\t\t\t<h2 class=\"elementor-heading-title elementor-size-default\">Current job openings<\/h2>\t\t\t\t<\/div>\n\t\t\t\t<\/div>\n\t\t\t\t<div class=\"elementor-element elementor-element-15dbd7a elementor-widget elementor-widget-shortcode\" data-id=\"15dbd7a\" data-element_type=\"widget\" data-e-type=\"widget\" data-widget_type=\"shortcode.default\">\n\t\t\t\t<div class=\"elementor-widget-container\">\n\t\t\t\t\t\t\t<div class=\"elementor-shortcode\">\n<div class=\"alea-radio-button-group\">\n<div class=\"alea-link-button alea-link-button--active\">Jobangebote<\/div>    \n<a class=\"alea-link-button\" href=\"\/ausbildung\/\">Ausbildungsangebote<\/a>    \n<\/div>\n    <\/div>\n\t\t\t\t\t\t<\/div>\n\t\t\t\t<\/div>\n\t\t\t\t<div class=\"elementor-element elementor-element-a4fc294 elementor-widget elementor-widget-spacer\" data-id=\"a4fc294\" data-element_type=\"widget\" data-e-type=\"widget\" data-widget_type=\"spacer.default\">\n\t\t\t\t<div class=\"elementor-widget-container\">\n\t\t\t\t\t\t\t<div class=\"elementor-spacer\">\n\t\t\t<div class=\"elementor-spacer-inner\"><\/div>\n\t\t<\/div>\n\t\t\t\t\t\t<\/div>\n\t\t\t\t<\/div>\n\t\t\t\t<div class=\"elementor-element elementor-element-9f9ead4 elementor-widget elementor-widget-shortcode\" data-id=\"9f9ead4\" data-element_type=\"widget\" data-e-type=\"widget\" data-widget_type=\"shortcode.default\">\n\t\t\t\t<div class=\"elementor-widget-container\">\n\t\t\t\t\t\t\t<div class=\"elementor-shortcode\"><div class=\"alea-radio-card-group\"><label class=\"alea-radio-card\" style=\"--color:#5c5b52;\"><input type=\"radio\" name=\"job_team\" value=\"\" checked\/><img decoding=\"async\" src=\"\/wp-content\/plugins\/alea-jobs\/alea-jobs-team.png\"\/><div>Alle<\/div><\/label><label class=\"alea-radio-card\" style=\"--color:#5DA4BF;\"><input type=\"radio\" name=\"job_team\" data-team-color=\"#5DA4BF\" data-team-logo=\"https:\/\/cdn.fastilio.com\/aleapark.de\/wp-content\/uploads\/2024\/05\/ALEA-PARK.svg\" data-team-description=\"Das Herzst\u00fcck von ALEA: Der ALEA PARK ist gr\u00fcne Oase, Freizeit-Familien-Place-to-be, Health Hotspot und Botanik-Begegnungsort. Komm ins Team!\" value=\"ALEA PARK\"\/><img decoding=\"async\" src=\"https:\/\/aleapark.de\/wp-content\/uploads\/2025\/05\/3de047932ac275dd4b72014853c25cd82b613c5b-scaled.jpg\"\/><div>ALEA PARK<\/div><\/label><label class=\"alea-radio-card\" style=\"--color:#7D7C4E;\"><input type=\"radio\" name=\"job_team\" data-team-color=\"#7D7C4E\" data-team-logo=\"https:\/\/cdn.fastilio.com\/aleapark.de\/wp-content\/uploads\/2024\/06\/ALEA-Resort.png\" data-team-description=\"Das ALEA RESORT ist Oase, Ruhepol und Energiequelle. Gastlichkeit auf Top-Niveau im gr\u00fcnen Kurviertel \u2013 inklusive Penthouse Suite mit Rooftop Pool, Spa, Beauty-Tempel und Pop-Up-Praxis f\u00fcr Spezialisten aus aller Welt. Komm ins Team!\" value=\"ALEA RESORT\"\/><img decoding=\"async\" src=\"https:\/\/aleapark.de\/wp-content\/uploads\/2025\/05\/23a280aafe98991ee87af08c19f4b2f6ef38c06b.jpg\"\/><div>ALEA RESORT<\/div><\/label><label class=\"alea-radio-card\" style=\"--color:#68AEC7;\"><input type=\"radio\" name=\"job_team\" data-team-color=\"#68AEC7\" data-team-logo=\"https:\/\/cdn.fastilio.com\/aleapark.de\/wp-content\/uploads\/2025\/02\/Logo-Balnova-2048x1676-1.png\" data-team-description=\"Das BALNOVA ist Badehaus, Physio-Praxis und Diagnostikzentrum \u2013 auf dem neuesten Stand der Medizintechnik. Balneotherapie mit Sole, Radiologie mit 3-Tesla-MRT, OP-Zentrum mit Koryph\u00e4en ihres Fachs. Komm ins Team!\" value=\"BALNOVA\"\/><img decoding=\"async\" src=\"https:\/\/aleapark.de\/wp-content\/uploads\/2025\/05\/balnova_gebaeude-scaled.jpg\"\/><div>BALNOVA<\/div><\/label><label class=\"alea-radio-card\" style=\"--color:#15AE8B;\"><input type=\"radio\" name=\"job_team\" data-team-color=\"#15AE8B\" data-team-logo=\"https:\/\/cdn.fastilio.com\/aleapark.de\/wp-content\/uploads\/2024\/05\/ALEA-PARK.svg\" data-team-description=\"Flat White, Vino aus Kalifornien, hausgemachtes Bio-Eis, Croissants und Sylter Brot aus der Strauss-Backstube: Das BOTANICA im ALEA PARK ist Spitzen-Kiosk und Lehrcaf\u00e9. Komm ins Team!\" value=\"BOTANICA\"\/><img decoding=\"async\" src=\"https:\/\/aleapark.de\/wp-content\/uploads\/2025\/05\/b266ff1f9a6a753a3ed91dcee8dfba3ae6116d85-scaled.jpg\"\/><div>BOTANICA<\/div><\/label><label class=\"alea-radio-card\" style=\"--color:#C68E55;\"><input type=\"radio\" name=\"job_team\" data-team-color=\"#C68E55\" data-team-logo=\"https:\/\/cdn.fastilio.com\/aleapark.de\/wp-content\/uploads\/2025\/05\/Ebene-2.png\" data-team-description=\"Fine-Dining mit Weltentdecker-Geist: Im FOGO treten die besten K\u00f6che bei den Fine Dining Ceremonies die Challenge an, ihre K\u00fcchenk\u00fcnste auf offener Flamme unter Beweis zu stellen. Feuer, Wasser, Urkraft: Das FOGO ist die neue Kultst\u00e4tte im Orbtal. Komm ins Team!\" value=\"FOGO E \u00c1GUA\"\/><img decoding=\"async\" src=\"https:\/\/aleapark.de\/wp-content\/uploads\/2025\/05\/FOGO.png\"\/><div>FOGO E \u00c1GUA<\/div><\/label><label class=\"alea-radio-card\" style=\"--color:#562464;\"><input type=\"radio\" name=\"job_team\" data-team-color=\"#562464\" data-team-logo=\"https:\/\/cdn.fastilio.com\/aleapark.de\/wp-content\/uploads\/2025\/02\/Logo-LINA.png\" data-team-description=\"Wer kocht besser als Oma? Klar: Keiner! Im Lina\u2019s bei ALEA GOLF gibt\u2019s ab Sp\u00e4tsommer 2025 Speis und Trank nach Oma Linas Originalrezepturen. Komm ins Team!\" value=\"LINAS\"\/><img decoding=\"async\" src=\"https:\/\/aleapark.de\/wp-content\/uploads\/2025\/05\/LINAS-scaled-e1759081504469.jpg\"\/><div>LINAS<\/div><\/label><label class=\"alea-radio-card\" style=\"--color:#5C7F71;\"><input type=\"radio\" name=\"job_team\" data-team-color=\"#5C7F71\" data-team-logo=\"https:\/\/cdn.fastilio.com\/aleapark.de\/wp-content\/uploads\/2025\/05\/Group-1-1.png\" data-team-description=\"Mittelmeer-Magie im ALEA PARK: Surf and Turf, Pasta und Pinsa, Crema und Cocktails. Im TAPATA \u2013 Salz des S\u00fcdens gibt\u2019s Mittelmeerurlaub ums Eck. Komm ins Team!\" value=\"TAPATA\"\/><img decoding=\"async\" src=\"https:\/\/aleapark.de\/wp-content\/uploads\/2025\/05\/0fc1e352cbab25f39533de86333464669c0ccdf0-scaled.jpg\"\/><div>TAPATA<\/div><\/label><\/div><\/div>\n\t\t\t\t\t\t<\/div>\n\t\t\t\t<\/div>\n\t\t\t\t\t<\/div>\n\t\t\t\t<\/div>\n\t\t<div class=\"elementor-element elementor-element-3298c48 e-grid e-con-full e-con e-parent\" data-id=\"3298c48\" data-element_type=\"container\" data-e-type=\"container\">\n\t\t<div class=\"elementor-element elementor-element-f557199 e-flex e-con-boxed e-con e-child\" data-id=\"f557199\" data-element_type=\"container\" data-e-type=\"container\">\n\t\t\t\t\t<div class=\"e-con-inner\">\n\t\t\t\t<div class=\"elementor-element elementor-element-5c0abfa elementor-widget elementor-widget-heading\" data-id=\"5c0abfa\" data-element_type=\"widget\" data-e-type=\"widget\" data-widget_type=\"heading.default\">\n\t\t\t\t<div class=\"elementor-widget-container\">\n\t\t\t\t\t<h2 class=\"elementor-heading-title elementor-size-default\"><span data-team-title>All teams<\/span><img data-team-title-logo\/><\/h2>\t\t\t\t<\/div>\n\t\t\t\t<\/div>\n\t\t\t\t<div class=\"elementor-element elementor-element-74a913d elementor-widget elementor-widget-heading\" data-id=\"74a913d\" data-element_type=\"widget\" data-e-type=\"widget\" data-widget_type=\"heading.default\">\n\t\t\t\t<div class=\"elementor-widget-container\">\n\t\t\t\t\t<h2 class=\"elementor-heading-title elementor-size-default\">JOIN THE ALEA TEAM<\/h2>\t\t\t\t<\/div>\n\t\t\t\t<\/div>\n\t\t\t\t<div class=\"elementor-element elementor-element-84f6030 elementor-widget elementor-widget-text-editor\" data-id=\"84f6030\" data-element_type=\"widget\" data-e-type=\"widget\" data-widget_type=\"text-editor.default\">\n\t\t\t\t<div class=\"elementor-widget-container\">\n\t\t\t\t\t\t\t\t\t<p><span data-team-description data-default=\"A green oasis, a paradise for athletes and outdoor enthusiasts, a health hotspot\u2014the ALEA location initiative is propelling Bad Orb toward a thriving future. Seize this opportunity and be part of the boom! \">A green oasis, a paradise for athletes and outdoor enthusiasts, a health hotspot\u2014the ALEA location initiative is propelling Bad Orb toward a thriving future. Seize this opportunity and be part of the boom! <\/span><\/p>\t\t\t\t\t\t\t\t<\/div>\n\t\t\t\t<\/div>\n\t\t\t\t<div class=\"elementor-element elementor-element-ce0700e elementor-widget elementor-widget-spacer\" data-id=\"ce0700e\" data-element_type=\"widget\" data-e-type=\"widget\" data-widget_type=\"spacer.default\">\n\t\t\t\t<div class=\"elementor-widget-container\">\n\t\t\t\t\t\t\t<div class=\"elementor-spacer\">\n\t\t\t<div class=\"elementor-spacer-inner\"><\/div>\n\t\t<\/div>\n\t\t\t\t\t\t<\/div>\n\t\t\t\t<\/div>\n\t\t<div class=\"elementor-element elementor-element-06796f7 e-con-full e-flex e-con e-child\" data-id=\"06796f7\" data-element_type=\"container\" data-e-type=\"container\">\n\t\t<div class=\"elementor-element elementor-element-16a441c e-con-full e-flex e-con e-child\" data-id=\"16a441c\" data-element_type=\"container\" data-e-type=\"container\">\n\t\t\t\t<div class=\"elementor-element elementor-element-8f79f27 elementor-widget elementor-widget-heading\" data-id=\"8f79f27\" data-element_type=\"widget\" data-e-type=\"widget\" data-widget_type=\"heading.default\">\n\t\t\t\t<div class=\"elementor-widget-container\">\n\t\t\t\t\t<h5 class=\"elementor-heading-title elementor-size-default\">Availability<\/h5>\t\t\t\t<\/div>\n\t\t\t\t<\/div>\n\t\t\t\t<div class=\"elementor-element elementor-element-e415f02 elementor-widget elementor-widget-shortcode\" data-id=\"e415f02\" data-element_type=\"widget\" data-e-type=\"widget\" data-widget_type=\"shortcode.default\">\n\t\t\t\t<div class=\"elementor-widget-container\">\n\t\t\t\t\t\t\t<div class=\"elementor-shortcode\"><div class=\"alea-radio-button-group\"><label class=\"alea-radio-button\"><input type=\"radio\" name=\"job_availability\" value=\"\" checked\/><div>Alle<\/div><\/label><label class=\"alea-radio-button\"><input type=\"radio\" name=\"job_availability\" value=\"Vollzeit\"\/><div>Vollzeit<\/div><\/label><label class=\"alea-radio-button\"><input type=\"radio\" name=\"job_availability\" value=\"Teilzeit\"\/><div>Teilzeit<\/div><\/label><label class=\"alea-radio-button\"><input type=\"radio\" name=\"job_availability\" value=\"Ferienjob\"\/><div>Ferienjob<\/div><\/label><\/div><\/div>\n\t\t\t\t\t\t<\/div>\n\t\t\t\t<\/div>\n\t\t\t\t<\/div>\n\t\t<div class=\"elementor-element elementor-element-64e1589 e-con-full e-flex e-con e-child\" data-id=\"64e1589\" data-element_type=\"container\" data-e-type=\"container\">\n\t\t\t\t<div class=\"elementor-element elementor-element-62384e7 elementor-widget elementor-widget-heading\" data-id=\"62384e7\" data-element_type=\"widget\" data-e-type=\"widget\" data-widget_type=\"heading.default\">\n\t\t\t\t<div class=\"elementor-widget-container\">\n\t\t\t\t\t<h5 class=\"elementor-heading-title elementor-size-default\">Work area<\/h5>\t\t\t\t<\/div>\n\t\t\t\t<\/div>\n\t\t\t\t<div class=\"elementor-element elementor-element-b68a6c1 elementor-widget elementor-widget-shortcode\" data-id=\"b68a6c1\" data-element_type=\"widget\" data-e-type=\"widget\" data-widget_type=\"shortcode.default\">\n\t\t\t\t<div class=\"elementor-widget-container\">\n\t\t\t\t\t\t\t<div class=\"elementor-shortcode\"><div class=\"alea-radio-button-group\"><label class=\"alea-radio-button\"><input type=\"radio\" name=\"job_area\" value=\"\" checked\/><div>Alle<\/div><\/label><label class=\"alea-radio-button\"><input type=\"radio\" name=\"job_area\" value=\"Service\"\/><div>Service<\/div><\/label><label class=\"alea-radio-button\"><input type=\"radio\" name=\"job_area\" value=\"Medizin\"\/><div>Medizin<\/div><\/label><label class=\"alea-radio-button\"><input type=\"radio\" name=\"job_area\" value=\"Hospitality\"\/><div>Hospitality<\/div><\/label><label class=\"alea-radio-button\"><input type=\"radio\" name=\"job_area\" value=\"Reinigung\"\/><div>Reinigung<\/div><\/label><\/div><\/div>\n\t\t\t\t\t\t<\/div>\n\t\t\t\t<\/div>\n\t\t\t\t<\/div>\n\t\t\t\t<\/div>\n\t\t\t\t\t<\/div>\n\t\t\t\t<\/div>\n\t\t<div class=\"elementor-element elementor-element-893260f elementor-hidden-mobile e-flex e-con-boxed e-con e-child\" data-id=\"893260f\" data-element_type=\"container\" data-e-type=\"container\">\n\t\t\t\t\t<div class=\"e-con-inner\">\n\t\t\t\t<div class=\"elementor-element elementor-element-dd08db7 elementor-widget elementor-widget-shortcode\" data-id=\"dd08db7\" data-element_type=\"widget\" data-e-type=\"widget\" data-widget_type=\"shortcode.default\">\n\t\t\t\t<div class=\"elementor-widget-container\">\n\t\t\t\t\t\t\t<div class=\"elementor-shortcode\"><div class=\"alea-job-team-logo\" data-team-logo><\/div><\/div>\n\t\t\t\t\t\t<\/div>\n\t\t\t\t<\/div>\n\t\t\t\t\t<\/div>\n\t\t\t\t<\/div>\n\t\t\t\t<\/div>\n\t\t<div class=\"elementor-element elementor-element-034457a e-flex e-con-boxed e-con e-parent\" data-id=\"034457a\" data-element_type=\"container\" data-e-type=\"container\">\n\t\t\t\t\t<div class=\"e-con-inner\">\n\t\t\t\t<div class=\"elementor-element elementor-element-a268532 elementor-widget elementor-widget-spacer\" data-id=\"a268532\" data-element_type=\"widget\" data-e-type=\"widget\" data-widget_type=\"spacer.default\">\n\t\t\t\t<div class=\"elementor-widget-container\">\n\t\t\t\t\t\t\t<div class=\"elementor-spacer\">\n\t\t\t<div class=\"elementor-spacer-inner\"><\/div>\n\t\t<\/div>\n\t\t\t\t\t\t<\/div>\n\t\t\t\t<\/div>\n\t\t\t\t<div class=\"elementor-element elementor-element-8a080f8 elementor-widget elementor-widget-shortcode\" data-id=\"8a080f8\" data-element_type=\"widget\" data-e-type=\"widget\" data-widget_type=\"shortcode.default\">\n\t\t\t\t<div class=\"elementor-widget-container\">\n\t\t\t\t\t\t\t<div class=\"elementor-shortcode\"><div id=\"alea-job-results\"><div data-team=\"BOTANICA\" style=\"color: #15AE8B;\">BOTANICA<\/div>\n<a href=\"https:\/\/aleapark.de\/en\/karriere\/barkeeper-botanica-barista-bad-orb\/\" data-type=\"\" data-availability=\"Voll- oder Teilzeit\" data-work-area=\"Service\" data-team=\"BOTANICA\" data-location=\"Bad Orb\">\n<div style=\"color:#15AE8B;\">Barkeeper \/ Barista (m\/w\/d)<\/div>\n<div>Jobangebot, Voll- oder Teilzeit | Bad Orb<\/div>\n<svg viewBox=\"0 0 15 21\" fill=\"none\">\n    <path d=\"M1 19.1604L13 12.2321C14.3333 11.4623 14.3333 9.53785 13 8.76805L1 1.83984\" stroke=\"#7A786B\"\n          stroke-width=\"2\" stroke-linecap=\"round\"\/>\n<\/svg>\n<\/a>\n        \n<a href=\"https:\/\/aleapark.de\/en\/karriere\/servicemitarbeiter-botanica-bad-orb\/\" data-type=\"\" data-availability=\"Voll- oder Teilzeit\" data-work-area=\"Service\" data-team=\"BOTANICA\" data-location=\"Bad Orb\">\n<div style=\"color:#15AE8B;\">Servicemitarbeiter (m\/w\/d)<\/div>\n<div>Jobangebot, Voll- oder Teilzeit | Bad Orb<\/div>\n<svg viewBox=\"0 0 15 21\" fill=\"none\">\n    <path d=\"M1 19.1604L13 12.2321C14.3333 11.4623 14.3333 9.53785 13 8.76805L1 1.83984\" stroke=\"#7A786B\"\n          stroke-width=\"2\" stroke-linecap=\"round\"\/>\n<\/svg>\n<\/a>\n        <div data-team=\"FOGO E \u00c1GUA\" style=\"color: #C68E55;\">FOGO E \u00c1GUA<\/div>\n<a href=\"https:\/\/aleapark.de\/en\/karriere\/barkeeper-barista-fogo-e-agua-bad-orb\/\" data-type=\"\" data-availability=\"Voll- oder Teilzeit\" data-work-area=\"Service\" data-team=\"FOGO E \u00c1GUA\" data-location=\"Bad Orb\">\n<div style=\"color:#C68E55;\">Barkeeper \/ Barista (m\/w\/d)<\/div>\n<div>Jobangebot, Voll- oder Teilzeit | Bad Orb<\/div>\n<svg viewBox=\"0 0 15 21\" fill=\"none\">\n    <path d=\"M1 19.1604L13 12.2321C14.3333 11.4623 14.3333 9.53785 13 8.76805L1 1.83984\" stroke=\"#7A786B\"\n          stroke-width=\"2\" stroke-linecap=\"round\"\/>\n<\/svg>\n<\/a>\n        \n<a href=\"https:\/\/aleapark.de\/en\/karriere\/servicemitarbeiter-fogo-e-agua-bad-orb\/\" data-type=\"\" data-availability=\"Voll- oder Teilzeit\" data-work-area=\"Service\" data-team=\"FOGO E \u00c1GUA\" data-location=\"Bad Orb\">\n<div style=\"color:#C68E55;\">Servicemitarbeiter (m\/w\/d)<\/div>\n<div>Jobangebot, Voll- oder Teilzeit | Bad Orb<\/div>\n<svg viewBox=\"0 0 15 21\" fill=\"none\">\n    <path d=\"M1 19.1604L13 12.2321C14.3333 11.4623 14.3333 9.53785 13 8.76805L1 1.83984\" stroke=\"#7A786B\"\n          stroke-width=\"2\" stroke-linecap=\"round\"\/>\n<\/svg>\n<\/a>\n        <div data-team=\"BALNOVA\" style=\"color: #68AEC7;\">BALNOVA<\/div>\n<a href=\"https:\/\/aleapark.de\/en\/karriere\/physiotherapeutin-balnova-bad-orb\/\" data-type=\"\" data-availability=\"Voll- oder Teilzeit\" data-work-area=\"Medizin\" data-team=\"BALNOVA\" data-location=\"Bad Orb\">\n<div style=\"color:#68AEC7;\">Physiotherapeut:in (m\/w\/d)<\/div>\n<div>Jobangebot, Voll- oder Teilzeit | Bad Orb<\/div>\n<svg viewBox=\"0 0 15 21\" fill=\"none\">\n    <path d=\"M1 19.1604L13 12.2321C14.3333 11.4623 14.3333 9.53785 13 8.76805L1 1.83984\" stroke=\"#7A786B\"\n          stroke-width=\"2\" stroke-linecap=\"round\"\/>\n<\/svg>\n<\/a>\n        <div data-team=\"ALEA RESORT\" style=\"color: #7D7C4E;\">ALEA RESORT<\/div>\n<a href=\"https:\/\/aleapark.de\/en\/karriere\/allrounder-alea-hospitality-alea-resort-bad-orb\/\" data-type=\"\" data-availability=\"Vollzeit\" data-work-area=\"Hospitality\" data-team=\"ALEA RESORT\" data-location=\"Bad Orb\">\n<div style=\"color:#7D7C4E;\">Teamassistenz ALEA Hospitality (m\/w\/d)<\/div>\n<div>Jobangebot, Vollzeit | Bad Orb<\/div>\n<svg viewBox=\"0 0 15 21\" fill=\"none\">\n    <path d=\"M1 19.1604L13 12.2321C14.3333 11.4623 14.3333 9.53785 13 8.76805L1 1.83984\" stroke=\"#7A786B\"\n          stroke-width=\"2\" stroke-linecap=\"round\"\/>\n<\/svg>\n<\/a>\n        \n<a href=\"https:\/\/aleapark.de\/en\/karriere\/reinigungskraft-alea-resort-bad-orb\/\" data-type=\"\" data-availability=\"Vollzeit\" data-work-area=\"Reinigung\" data-team=\"ALEA RESORT\" data-location=\"Bad Orb\">\n<div style=\"color:#7D7C4E;\">Reinigungskraft (m\/w\/d)<\/div>\n<div>Jobangebot, Vollzeit | Bad Orb<\/div>\n<svg viewBox=\"0 0 15 21\" fill=\"none\">\n    <path d=\"M1 19.1604L13 12.2321C14.3333 11.4623 14.3333 9.53785 13 8.76805L1 1.83984\" stroke=\"#7A786B\"\n          stroke-width=\"2\" stroke-linecap=\"round\"\/>\n<\/svg>\n<\/a>\n        <div data-team=\"LINAS\" style=\"color: #562464;\">LINAS<\/div>\n<a href=\"https:\/\/aleapark.de\/en\/karriere\/barkeeper-barista-linas-bad-orb\/\" data-type=\"\" data-availability=\"Voll- oder Teilzeit\" data-work-area=\"Service\" data-team=\"LINAS\" data-location=\"Bad Orb\">\n<div style=\"color:#562464;\">Barkeeper \/ Barista (m\/w\/d)<\/div>\n<div>Jobangebot, Voll- oder Teilzeit | Bad Orb<\/div>\n<svg viewBox=\"0 0 15 21\" fill=\"none\">\n    <path d=\"M1 19.1604L13 12.2321C14.3333 11.4623 14.3333 9.53785 13 8.76805L1 1.83984\" stroke=\"#7A786B\"\n          stroke-width=\"2\" stroke-linecap=\"round\"\/>\n<\/svg>\n<\/a>\n        <div data-team=\"TAPATA\" style=\"color: #5C7F71;\">TAPATA<\/div>\n<a href=\"https:\/\/aleapark.de\/en\/karriere\/servicemitarbeiter-tapata-bad-orb\/\" data-type=\"\" data-availability=\"Voll- oder Teilzeit\" data-work-area=\"Service\" data-team=\"TAPATA\" data-location=\"Bad Orb\">\n<div style=\"color:#5C7F71;\">Servicemitarbeiter (m\/w\/d)<\/div>\n<div>Jobangebot, Voll- oder Teilzeit | Bad Orb<\/div>\n<svg viewBox=\"0 0 15 21\" fill=\"none\">\n    <path d=\"M1 19.1604L13 12.2321C14.3333 11.4623 14.3333 9.53785 13 8.76805L1 1.83984\" stroke=\"#7A786B\"\n          stroke-width=\"2\" stroke-linecap=\"round\"\/>\n<\/svg>\n<\/a>\n        <\/div><\/div>\n\t\t\t\t\t\t<\/div>\n\t\t\t\t<\/div>\n\t\t\t\t<div class=\"elementor-element elementor-element-b9b0207 alea-jobs-no-results elementor-widget elementor-widget-text-editor\" data-id=\"b9b0207\" data-element_type=\"widget\" data-e-type=\"widget\" data-widget_type=\"text-editor.default\">\n\t\t\t\t<div class=\"elementor-widget-container\">\n\t\t\t\t\t\t\t\t\t<p style=\"text-align: center;\">Unfortunately, no jobs were found for these filters.<\/p>\n<p style=\"text-align: center;\"><button type=\"button\" class=\"alea-btn\" onclick=\"window.resetJobFilters();\">Reset filters<\/button><\/p>\t\t\t\t\t\t\t\t<\/div>\n\t\t\t\t<\/div>\n\t\t\t\t<div class=\"elementor-element elementor-element-406034c elementor-widget elementor-widget-spacer\" data-id=\"406034c\" data-element_type=\"widget\" data-e-type=\"widget\" data-widget_type=\"spacer.default\">\n\t\t\t\t<div class=\"elementor-widget-container\">\n\t\t\t\t\t\t\t<div class=\"elementor-spacer\">\n\t\t\t<div class=\"elementor-spacer-inner\"><\/div>\n\t\t<\/div>\n\t\t\t\t\t\t<\/div>\n\t\t\t\t<\/div>\n\t\t\t\t<div class=\"elementor-element elementor-element-5c5f549 elementor-widget elementor-widget-text-editor\" data-id=\"5c5f549\" data-element_type=\"widget\" data-e-type=\"widget\" data-widget_type=\"text-editor.default\">\n\t\t\t\t<div class=\"elementor-widget-container\">\n\t\t\t\t\t\t\t\t\t<p><strong data-start=\"131\" data-end=\"159\">Privacy Notice:<\/strong><br data-start=\"159\" data-end=\"162\">By submitting your application, you consent to our processing of your personal data as part of the application process. For more information, please see our <a href=\"https:\/\/aleapark.de\/datenschutz\/\">privacy policy<\/a>. <\/p>\t\t\t\t\t\t\t\t<\/div>\n\t\t\t\t<\/div>\n\t\t\t\t\t<\/div>\n\t\t\t\t<\/div>\n\t\t\t\t<\/div>\n\t\t","protected":false},"excerpt":{"rendered":"<p>Careers at ALEA COME TOBOOMTOWN BAD ORB! Working at Alea JOIN THE ALEA TEAM Want to live and work in the booming town of Bad Orb? A green oasis, a paradise for athletes and outdoor enthusiasts, and a health hotspot &#8211; the ALEA location initiative is propelling this spa town toward a thriving future. Seize [&hellip;]<\/p>\n","protected":false},"author":521,"featured_media":0,"parent":0,"menu_order":0,"comment_status":"closed","ping_status":"closed","template":"","meta":{"footnotes":""},"class_list":["post-14366","page","type-page","status-publish","hentry"],"_links":{"self":[{"href":"https:\/\/aleapark.de\/en\/wp-json\/wp\/v2\/pages\/14366","targetHints":{"allow":["GET"]}}],"collection":[{"href":"https:\/\/aleapark.de\/en\/wp-json\/wp\/v2\/pages"}],"about":[{"href":"https:\/\/aleapark.de\/en\/wp-json\/wp\/v2\/types\/page"}],"author":[{"embeddable":true,"href":"https:\/\/aleapark.de\/en\/wp-json\/wp\/v2\/users\/521"}],"replies":[{"embeddable":true,"href":"https:\/\/aleapark.de\/en\/wp-json\/wp\/v2\/comments?post=14366"}],"version-history":[{"count":0,"href":"https:\/\/aleapark.de\/en\/wp-json\/wp\/v2\/pages\/14366\/revisions"}],"wp:attachment":[{"href":"https:\/\/aleapark.de\/en\/wp-json\/wp\/v2\/media?parent=14366"}],"curies":[{"name":"wp","href":"https:\/\/api.w.org\/{rel}","templated":true}]}}